{"id":364,"date":"2025-11-06T11:48:15","date_gmt":"2025-11-06T14:48:15","guid":{"rendered":"http:\/\/tdi_53_6f5"},"modified":"2026-01-08T16:31:42","modified_gmt":"2026-01-08T19:31:42","slug":"ebook","status":"publish","type":"product","link":"https:\/\/hayanrosa.com.br\/shop\/product\/ebook\/","title":{"rendered":"Manual de Produ\u00e7\u00e3o Cinematogr\u00e1fica"},"content":{"rendered":"<p>Neste e-book &#8220;Manual de Produ\u00e7\u00e3o Cinematogr\u00e1fica&#8221; voc\u00ea encontr\u00e1 a chave para desbloquear seu pot\u00eancial.<\/p>\n","protected":false},"excerpt":{"rendered":"<p>Neste ebook voc\u00ea encontr\u00e1 a chave para desbloquear seu pot\u00eancial.<\/p>\n","protected":false},"featured_media":425,"comment_status":"open","ping_status":"closed","template":"","meta":{"om_disable_all_campaigns":false,"_monsterinsights_skip_tracking":false,"_monsterinsights_sitenote_active":false,"_monsterinsights_sitenote_note":"","_monsterinsights_sitenote_category":0},"product_brand":[],"product_cat":[82],"product_tag":[86,83,84,85],"class_list":{"0":"post-364","1":"product","2":"type-product","3":"status-publish","4":"has-post-thumbnail","6":"product_cat-e-books","7":"product_tag-cinematografica","8":"product_tag-e-book","9":"product_tag-manual","10":"product_tag-producao","12":"first","13":"instock","14":"sale","15":"downloadable","16":"virtual","17":"sold-individually","18":"taxable","19":"purchasable","20":"product-type-simple"},"aioseo_notices":[],"jetpack_sharing_enabled":true,"_links":{"self":[{"href":"https:\/\/hayanrosa.com.br\/shop\/wp-json\/wp\/v2\/product\/364","targetHints":{"allow":["GET"]}}],"collection":[{"href":"https:\/\/hayanrosa.com.br\/shop\/wp-json\/wp\/v2\/product"}],"about":[{"href":"https:\/\/hayanrosa.com.br\/shop\/wp-json\/wp\/v2\/types\/product"}],"replies":[{"embeddable":true,"href":"https:\/\/hayanrosa.com.br\/shop\/wp-json\/wp\/v2\/comments?post=364"}],"wp:featuredmedia":[{"embeddable":true,"href":"https:\/\/hayanrosa.com.br\/shop\/wp-json\/wp\/v2\/media\/425"}],"wp:attachment":[{"href":"https:\/\/hayanrosa.com.br\/shop\/wp-json\/wp\/v2\/media?parent=364"}],"wp:term":[{"taxonomy":"product_brand","embeddable":true,"href":"https:\/\/hayanrosa.com.br\/shop\/wp-json\/wp\/v2\/product_brand?post=364"},{"taxonomy":"product_cat","embeddable":true,"href":"https:\/\/hayanrosa.com.br\/shop\/wp-json\/wp\/v2\/product_cat?post=364"},{"taxonomy":"product_tag","embeddable":true,"href":"https:\/\/hayanrosa.com.br\/shop\/wp-json\/wp\/v2\/product_tag?post=364"}],"curies":[{"name":"wp","href":"https:\/\/api.w.org\/{rel}","templated":true}]}}